{"id":43526,"date":"2025-11-14T19:59:39","date_gmt":"2025-11-14T19:59:39","guid":{"rendered":"https:\/\/pulseenergetic.com\/?page_id=43526"},"modified":"2025-11-26T01:53:13","modified_gmt":"2025-11-26T01:53:13","slug":"mapa-terapeutas","status":"publish","type":"page","link":"https:\/\/pulseenergetic.com\/es\/mapa-terapeutas\/","title":{"rendered":"Mapa de terapeutas"},"content":{"rendered":"\t\t<div data-elementor-type=\"wp-page\" data-elementor-id=\"43526\" class=\"elementor elementor-43526\">\n\t\t\t\t<section class=\"elementor-element elementor-element-1219faa e-con-full e-flex cmsmasters-block-default e-con e-parent\" data-id=\"1219faa\" data-element_type=\"container\" data-e-type=\"container\">\n\t\t<section class=\"elementor-element elementor-element-8dd8252 e-con-full e-flex cmsmasters-bg-hide-none cmsmasters-bg-hide-none cmsmasters-block-default e-con e-child\" data-id=\"8dd8252\" data-element_type=\"container\" data-e-type=\"container\" data-settings=\"{&quot;background_background&quot;:&quot;classic&quot;,&quot;shape_divider_bottom&quot;:&quot;split&quot;}\">\n\t\t\t\t<div class=\"elementor-shape elementor-shape-bottom\" aria-hidden=\"true\" data-negative=\"false\">\n\t\t\t<svg xmlns=\"http:\/\/www.w3.org\/2000\/svg\" viewBox=\"0 0 1000 20\" preserveAspectRatio=\"none\">\n\t<path class=\"elementor-shape-fill\" d=\"M0,0v3c0,0,393.8,0,483.4,0c9.2,0,16.6,7.4,16.6,16.6c0-9.1,7.4-16.6,16.6-16.6C606.2,3,1000,3,1000,3V0H0z\"\/>\n<\/svg>\t\t<\/div>\n\t\t<div class=\"elementor-element elementor-element-0b70752 e-con-full cmsmasters-effect cmsmasters-effect-type-transform animated-slow e-flex cmsmasters-effect-hover-type-element cmsmasters-block-default elementor-invisible e-con e-child\" data-id=\"0b70752\" data-element_type=\"container\" data-e-type=\"container\" data-settings=\"{&quot;animation&quot;:&quot;fadeIn&quot;,&quot;background_background&quot;:&quot;classic&quot;,&quot;cms_transform_hover_type&quot;:&quot;element&quot;}\">\n\t\t\t\t<div class=\"elementor-element elementor-element-2786115 cmsmasters-block-default cmsmasters-sticky-default elementor-widget elementor-widget-heading\" data-id=\"2786115\" data-element_type=\"widget\" data-e-type=\"widget\" data-widget_type=\"heading.default\">\n\t\t\t\t<div class=\"elementor-widget-container\">\n\t\t\t\t\t<div class=\"elementor-heading-title elementor-size-default\">MAPA DE TERAPEUTAS<\/div>\t\t\t\t<\/div>\n\t\t\t\t<\/div>\n\t\t\t\t<div class=\"elementor-element elementor-element-fcf582f cmsmasters-block-default cmsmasters-sticky-default elementor-widget elementor-widget-heading\" data-id=\"fcf582f\" data-element_type=\"widget\" data-e-type=\"widget\" data-widget_type=\"heading.default\">\n\t\t\t\t<div class=\"elementor-widget-container\">\n\t\t\t\t\t<h2 class=\"elementor-heading-title elementor-size-default\">Encuentra a tu Terapeuta Certificado M\u00e1s Cercano<\/h2>\t\t\t\t<\/div>\n\t\t\t\t<\/div>\n\t\t\t\t<div class=\"elementor-element elementor-element-afb180b cmsmasters-block-default cmsmasters-sticky-default elementor-widget elementor-widget-text-editor\" data-id=\"afb180b\" data-element_type=\"widget\" data-e-type=\"widget\" data-widget_type=\"text-editor.default\">\n\t\t\t\t<div class=\"elementor-widget-container\">\n\t\t\t\t\t\t\t\t\t<p data-start=\"378\" data-end=\"608\">En este mapa encontrar\u00e1s a todos los terapeutas certificados oficialmente en Pulse Energetic. Cada profesional ha completado nuestro proceso de formaci\u00f3n y cumple con los est\u00e1ndares de calidad y acompa\u00f1amiento consciente que caracterizan a nuestra comunidad. Busca el terapeuta m\u00e1s cercano a ti y accede a sus datos de contacto f\u00e1cilmente.<\/p>\t\t\t\t\t\t\t\t<\/div>\n\t\t\t\t<\/div>\n\t\t\t\t<\/div>\n\t\t\t\t<\/section>\n\t\t\t\t<\/section>\n\t\t<div class=\"elementor-element elementor-element-55c4991 e-flex e-con-boxed cmsmasters-block-default e-con e-parent\" data-id=\"55c4991\" data-element_type=\"container\" data-e-type=\"container\">\n\t\t\t\t\t<div class=\"e-con-inner\">\n\t\t\t\t<div class=\"elementor-element elementor-element-0c694d5 cmsmasters-block-default cmsmasters-sticky-default elementor-widget elementor-widget-shortcode\" data-id=\"0c694d5\" data-element_type=\"widget\" data-e-type=\"widget\" data-widget_type=\"shortcode.default\">\n\t\t\t\t<div class=\"elementor-widget-container\">\n\t\t\t\t\t\t\t<div class=\"elementor-shortcode\">[qcpd-directory \nmode=\"all\" \nstyle=\"simple\" \ncolumn=\"1\" \nsearch=\"false\"\nmap=\"show\" \nmap_position=\"top\"\nenable_map_fullwidth=\"true\"\n]\n<\/div>\n\t\t\t\t\t\t<\/div>\n\t\t\t\t<\/div>\n\t\t\t\t\t<\/div>\n\t\t\t\t<\/div>\n\t\t\t\t<\/div>\n\t\t","protected":false},"excerpt":{"rendered":"<p>MAPA DE TERAPEUTAS Encuentra a tu Terapeuta Certificado M\u00e1s Cercano En este mapa encontrar\u00e1s a todos los terapeutas certificados oficialmente en Pulse Energetic. Cada profesional ha completado nuestro proceso de formaci\u00f3n y cumple con los est\u00e1ndares de calidad y acompa\u00f1amiento consciente que caracterizan a nuestra comunidad. Busca el terapeuta m\u00e1s cercano a ti y accede&#8230;<\/p>","protected":false},"author":1,"featured_media":0,"parent":0,"menu_order":0,"comment_status":"closed","ping_status":"closed","template":"","meta":{"_joinchat":[],"footnotes":""},"class_list":["post-43526","page","type-page","status-publish","hentry"],"_links":{"self":[{"href":"https:\/\/pulseenergetic.com\/es\/wp-json\/wp\/v2\/pages\/43526","targetHints":{"allow":["GET"]}}],"collection":[{"href":"https:\/\/pulseenergetic.com\/es\/wp-json\/wp\/v2\/pages"}],"about":[{"href":"https:\/\/pulseenergetic.com\/es\/wp-json\/wp\/v2\/types\/page"}],"author":[{"embeddable":true,"href":"https:\/\/pulseenergetic.com\/es\/wp-json\/wp\/v2\/users\/1"}],"replies":[{"embeddable":true,"href":"https:\/\/pulseenergetic.com\/es\/wp-json\/wp\/v2\/comments?post=43526"}],"version-history":[{"count":13,"href":"https:\/\/pulseenergetic.com\/es\/wp-json\/wp\/v2\/pages\/43526\/revisions"}],"predecessor-version":[{"id":43572,"href":"https:\/\/pulseenergetic.com\/es\/wp-json\/wp\/v2\/pages\/43526\/revisions\/43572"}],"wp:attachment":[{"href":"https:\/\/pulseenergetic.com\/es\/wp-json\/wp\/v2\/media?parent=43526"}],"curies":[{"name":"wp","href":"https:\/\/api.w.org\/{rel}","templated":true}]}}