{"id":38048,"date":"2022-07-22T15:29:15","date_gmt":"2022-07-22T15:29:15","guid":{"rendered":"https:\/\/theme-dev.cmsmasters.net\/mental-care\/?page_id=38048"},"modified":"2026-04-03T16:25:55","modified_gmt":"2026-04-03T16:25:55","slug":"anna-ramos","status":"publish","type":"page","link":"https:\/\/pulseenergetic.com\/es\/anna-ramos\/","title":{"rendered":"Anna Ramos"},"content":{"rendered":"<div data-elementor-type=\"wp-page\" data-elementor-id=\"38048\" class=\"elementor elementor-38048\">\n\t\t\t\t<section class=\"elementor-element elementor-element-1219faa e-con-full e-flex cmsmasters-block-default e-con e-parent\" data-id=\"1219faa\" data-element_type=\"container\" data-e-type=\"container\">\n\t\t<section class=\"elementor-element elementor-element-8dd8252 e-con-full e-flex cmsmasters-bg-hide-none cmsmasters-bg-hide-none cmsmasters-block-default e-con e-child\" data-id=\"8dd8252\" data-element_type=\"container\" data-e-type=\"container\" data-settings=\"{&quot;background_background&quot;:&quot;classic&quot;,&quot;shape_divider_bottom&quot;:&quot;split&quot;}\">\n\t\t\t\t<div class=\"elementor-shape elementor-shape-bottom\" aria-hidden=\"true\" data-negative=\"false\">\n\t\t\t<svg xmlns=\"http:\/\/www.w3.org\/2000\/svg\" viewbox=\"0 0 1000 20\" preserveaspectratio=\"none\">\n\t<path class=\"elementor-shape-fill\" d=\"M0,0v3c0,0,393.8,0,483.4,0c9.2,0,16.6,7.4,16.6,16.6c0-9.1,7.4-16.6,16.6-16.6C606.2,3,1000,3,1000,3V0H0z\"\/>\n<\/svg>\t\t<\/div>\n\t\t<div class=\"elementor-element elementor-element-0b70752 e-con-full cmsmasters-effect cmsmasters-effect-type-transform animated-slow e-flex cmsmasters-effect-hover-type-element cmsmasters-block-default elementor-invisible e-con e-child\" data-id=\"0b70752\" data-element_type=\"container\" data-e-type=\"container\" data-settings=\"{&quot;animation&quot;:&quot;fadeIn&quot;,&quot;background_background&quot;:&quot;classic&quot;,&quot;cms_transform_hover_type&quot;:&quot;element&quot;}\">\n\t\t\t\t<div class=\"elementor-element elementor-element-2786115 cmsmasters-block-default cmsmasters-sticky-default elementor-widget elementor-widget-heading\" data-id=\"2786115\" data-element_type=\"widget\" data-e-type=\"widget\" data-widget_type=\"heading.default\">\n\t\t\t\t<div class=\"elementor-widget-container\">\n\t\t\t\t\t<div class=\"elementor-heading-title elementor-size-default\">ANNA RAMOS<\/div>\t\t\t\t<\/div>\n\t\t\t\t<\/div>\n\t\t\t\t<div class=\"elementor-element elementor-element-fcf582f cmsmasters-block-default cmsmasters-sticky-default elementor-widget elementor-widget-heading\" data-id=\"fcf582f\" data-element_type=\"widget\" data-e-type=\"widget\" data-widget_type=\"heading.default\">\n\t\t\t\t<div class=\"elementor-widget-container\">\n\t\t\t\t\t<h2 class=\"elementor-heading-title elementor-size-default\">Fundadora de Pulse Energetic y representante de la nueva generaci\u00f3n de terapeutas<\/h2>\t\t\t\t<\/div>\n\t\t\t\t<\/div>\n\t\t\t\t<div class=\"elementor-element elementor-element-afb180b cmsmasters-block-default cmsmasters-sticky-default elementor-widget elementor-widget-text-editor\" data-id=\"afb180b\" data-element_type=\"widget\" data-e-type=\"widget\" data-widget_type=\"text-editor.default\">\n\t\t\t\t<div class=\"elementor-widget-container\">\n\t\t\t\t\t\t\t\t\t<p data-start=\"378\" data-end=\"608\"><i><span style=\"font-weight: 400;\">\u00a0Experta\u00a0 en energ\u00e9tica hologramica y formadora y divulgadora que fusiona ciencia, energ\u00eda y prop\u00f3sito vital.<\/span><\/i><\/p>\t\t\t\t\t\t\t\t<\/div>\n\t\t\t\t<\/div>\n\t\t\t\t<\/div>\n\t\t\t\t<\/section>\n\t\t\t\t<\/section>\n\t\t<div class=\"elementor-element elementor-element-6a63b88 e-flex e-con-boxed cmsmasters-block-default e-con e-parent\" data-id=\"6a63b88\" data-element_type=\"container\" data-e-type=\"container\">\n\t\t\t\t\t<div class=\"e-con-inner\">\n\t\t<div class=\"elementor-element elementor-element-4ee0d8d e-con-full e-flex cmsmasters-block-default e-con e-child\" data-id=\"4ee0d8d\" data-element_type=\"container\" data-e-type=\"container\">\n\t\t\t\t<div class=\"elementor-element elementor-element-9d6f0da cmsmasters-block-default cmsmasters-sticky-default elementor-widget elementor-widget-heading\" data-id=\"9d6f0da\" data-element_type=\"widget\" data-e-type=\"widget\" data-widget_type=\"heading.default\">\n\t\t\t\t<div class=\"elementor-widget-container\">\n\t\t\t\t\t<h2 class=\"elementor-heading-title elementor-size-default\">Anna Ramos Ortega<\/h2>\t\t\t\t<\/div>\n\t\t\t\t<\/div>\n\t\t\t\t<div class=\"elementor-element elementor-element-68e9e5e cmsmasters-block-default cmsmasters-sticky-default elementor-widget elementor-widget-text-editor\" data-id=\"68e9e5e\" data-element_type=\"widget\" data-e-type=\"widget\" data-widget_type=\"text-editor.default\">\n\t\t\t\t<div class=\"elementor-widget-container\">\n\t\t\t\t\t\t\t\t\t<p><span style=\"font-weight: 400;\">Su recorrido por las terapias energ\u00e9ticas comenz\u00f3 en la infancia y gracias a la sabidur\u00eda de su madre y sus ense\u00f1anzas desarroll\u00f3 una sensibilidad particular hacia los campos energ\u00e9ticos del ser humano y el poder de la mente.\u00a0<\/span><\/p><p><span style=\"font-weight: 400;\">Esta percepci\u00f3n inicial se ha ido consolidando a lo largo de los a\u00f1os mediante un proceso profundo de investigaci\u00f3n, experiencia, formaci\u00f3n continua y aplicaci\u00f3n de la t\u00e9cnica.\u00a0<\/span><\/p><p><span style=\"font-weight: 400;\">Formada en t\u00e9cnicas vibracionales, auriculoterapia, terapia floral, constelaciones familiares, pluma de luz, numerolog\u00eda, ho\u2019oponopono, desarrollo personal y modelos integrativos mente-cuerpo, Anna ha vivido \u00e9sta t\u00e9cnica\u00a0 y profundizado la pr\u00e1ctica de la Energ\u00e9tica Hologr\u00e1mica, una t\u00e9cnica desarrollada por tres\u00a0 m\u00e9dicos franceses en los a\u00f1os 70,\u00a0 y la ha convertido en un sistema terap\u00e9utico vivo, estructurado y accesible.<\/span><\/p><p><span style=\"font-weight: 400;\">Desde su infancia, la Energ\u00e9tica Hologr\u00e1mica forma parte de su vida: la ha estudiado, practicado y perfeccionado durante d\u00e9cadas, hasta hacerla su lenguaje natural.<\/span><\/p>\t\t\t\t\t\t\t\t<\/div>\n\t\t\t\t<\/div>\n\t\t\t\t<\/div>\n\t\t<div class=\"elementor-element elementor-element-bd84618 e-con-full e-flex cmsmasters-bg-hide-none cmsmasters-bg-hide-none cmsmasters-block-default e-con e-child\" data-id=\"bd84618\" data-element_type=\"container\" data-e-type=\"container\" data-settings=\"{&quot;background_background&quot;:&quot;classic&quot;}\">\n\t\t\t\t<div class=\"elementor-element elementor-element-98a2529 cmsmasters-block-default cmsmasters-sticky-default elementor-widget elementor-widget-spacer\" data-id=\"98a2529\" data-element_type=\"widget\" data-e-type=\"widget\" data-widget_type=\"spacer.default\">\n\t\t\t\t<div class=\"elementor-widget-container\">\n\t\t\t\t\t\t\t<div class=\"elementor-spacer\">\n\t\t\t<div class=\"elementor-spacer-inner\"><\/div>\n\t\t<\/div>\n\t\t\t\t\t\t<\/div>\n\t\t\t\t<\/div>\n\t\t\t\t<\/div>\n\t\t\t\t\t<\/div>\n\t\t\t\t<\/div>\n\t\t<div class=\"elementor-element elementor-element-f35716e e-flex e-con-boxed cmsmasters-block-default e-con e-parent\" data-id=\"f35716e\" data-element_type=\"container\" data-e-type=\"container\">\n\t\t\t\t\t<div class=\"e-con-inner\">\n\t\t\t\t<div class=\"elementor-element elementor-element-cfe0c4e elementor-widget-widescreen__width-initial cmsmasters-block-default cmsmasters-sticky-default elementor-widget elementor-widget-text-editor\" data-id=\"cfe0c4e\" data-element_type=\"widget\" data-e-type=\"widget\" data-widget_type=\"text-editor.default\">\n\t\t\t\t<div class=\"elementor-widget-container\">\n\t\t\t\t\t\t\t\t\t<p><span style=\"font-weight: 400;\">Actualmente, Anna ha desarrollado una metodolog\u00eda propia que act\u00faa sobre el campo hologr\u00e1mico y morfogen\u00e9tico de la persona, permitiendo una intervenci\u00f3n precisa en procesos de desequilibrio f\u00edsico, emocional, mental y espiritual. <\/span><span style=\"font-weight: 400;\">Su metodolog\u00eda no s\u00f3lo parte de la teor\u00eda energ\u00e9tica moderna, sino tambi\u00e9n de una amplia experiencia con casos reales que han sido abordados desde un enfoque global, t\u00e9cnico y humano. Esto ha dado lugar a una propuesta terap\u00e9utica \u00fanica, basada en los protocolos de la holo con los filtros hologr\u00e1micos de alta precisi\u00f3n y una visi\u00f3n integradora del proceso de sanaci\u00f3n. <\/span><\/p><p><span style=\"font-weight: 400;\">La Energ\u00e9tica Hologr\u00e1mica es una t\u00e9cnica viva y gracias a sus creadores que sentaron sus bases con rigor, sabidur\u00eda y sensibilidad. <\/span><span style=\"font-weight: 400;\">Hoy esa semilla se ha transformado en un sistema en plena evoluci\u00f3n.<\/span><\/p><p><span style=\"font-weight: 400;\">Anna, quien conoce bien la t\u00e9cnica y vibra con ella desde hace a\u00f1os y la ha integrado\u00a0 en su vida c\u00f3mo jna filosof\u00eda de vida, contin\u00faa desarroll\u00e1ndola d\u00eda a d\u00eda. <\/span><span style=\"font-weight: 400;\">Gracias a su experiencia y sensibilidad ante los desaf\u00edos actuales (la aceleraci\u00f3n del mundo, el impacto emocional de la tecnolog\u00eda, la desconexi\u00f3n interna\u2026) Anna ha sabido adaptar la Energ\u00e9tica Hologr\u00e1mica a las necesidades reales de nuestro tiempo. <\/span><span style=\"font-weight: 400;\">Lo hace creando nuevos filtros, ajustando los protocolos y refinando cada detalle con una mirada actual, sin perder la esencia de la t\u00e9cnica original.<\/span><\/p><p style=\"text-align: center;\">\u00a0<\/p>\t\t\t\t\t\t\t\t<\/div>\n\t\t\t\t<\/div>\n\t\t\t\t<div class=\"elementor-element elementor-element-17eb1a1 cmsmasters-block-default cmsmasters-sticky-default elementor-widget elementor-widget-heading\" data-id=\"17eb1a1\" data-element_type=\"widget\" data-e-type=\"widget\" data-widget_type=\"heading.default\">\n\t\t\t\t<div class=\"elementor-widget-container\">\n\t\t\t\t\t<h2 class=\"elementor-heading-title elementor-size-default\">Porque el mundo cambia, y la sanaci\u00f3n tambi\u00e9n debe evolucionar. La Energ\u00e9tica Hologr\u00e1mica sigue viva, creciendo con el pulso de la vida.<\/h2>\t\t\t\t<\/div>\n\t\t\t\t<\/div>\n\t\t\t\t\t<\/div>\n\t\t\t\t<\/div>\n\t\t<div class=\"elementor-element elementor-element-3cbe8fa e-con-full e-flex cmsmasters-block-default e-con e-parent\" data-id=\"3cbe8fa\" data-element_type=\"container\" data-e-type=\"container\">\n\t\t<div class=\"elementor-element elementor-element-af47992 e-con-full e-flex cmsmasters-block-default e-con e-child\" data-id=\"af47992\" data-element_type=\"container\" data-e-type=\"container\">\n\t\t\t\t<div class=\"elementor-element elementor-element-0f55053 cmsmasters-block-default cmsmasters-sticky-default elementor-widget elementor-widget-image\" data-id=\"0f55053\" data-element_type=\"widget\" data-e-type=\"widget\" data-widget_type=\"image.default\">\n\t\t\t\t<div class=\"elementor-widget-container\">\n\t\t\t\t\t\t\t\t\t\t\t\t\t\t\t<img fetchpriority=\"high\" decoding=\"async\" width=\"772\" height=\"1024\" src=\"https:\/\/pulseenergetic.com\/wp-content\/uploads\/2025\/08\/Foto-Anna-1-772x1024.jpeg\" class=\"attachment-large size-large wp-image-43177\" alt=\"\" srcset=\"https:\/\/pulseenergetic.com\/wp-content\/uploads\/2025\/08\/Foto-Anna-1-772x1024.jpeg 772w, https:\/\/pulseenergetic.com\/wp-content\/uploads\/2025\/08\/Foto-Anna-1-226x300.jpeg 226w, https:\/\/pulseenergetic.com\/wp-content\/uploads\/2025\/08\/Foto-Anna-1-768x1019.jpeg 768w, https:\/\/pulseenergetic.com\/wp-content\/uploads\/2025\/08\/Foto-Anna-1-1158x1536.jpeg 1158w, https:\/\/pulseenergetic.com\/wp-content\/uploads\/2025\/08\/Foto-Anna-1-600x796.jpeg 600w, https:\/\/pulseenergetic.com\/wp-content\/uploads\/2025\/08\/Foto-Anna-1.jpeg 1179w\" sizes=\"(max-width: 772px) 100vw, 772px\" \/>\t\t\t\t\t\t\t\t\t\t\t\t\t\t\t<\/div>\n\t\t\t\t<\/div>\n\t\t\t\t<\/div>\n\t\t<div class=\"elementor-element elementor-element-9d9e0a7 e-con-full e-flex cmsmasters-block-default e-con e-child\" data-id=\"9d9e0a7\" data-element_type=\"container\" data-e-type=\"container\">\n\t\t\t\t<div class=\"elementor-element elementor-element-26e75b6 cmsmasters-block-default cmsmasters-sticky-default elementor-widget elementor-widget-heading\" data-id=\"26e75b6\" data-element_type=\"widget\" data-e-type=\"widget\" data-widget_type=\"heading.default\">\n\t\t\t\t<div class=\"elementor-widget-container\">\n\t\t\t\t\t<h2 class=\"elementor-heading-title elementor-size-default\">Una visi\u00f3n que gu\u00eda, forma y transforma:\n<\/h2>\t\t\t\t<\/div>\n\t\t\t\t<\/div>\n\t\t\t\t<div class=\"elementor-element elementor-element-12c4155 elementor-widget-widescreen__width-initial cmsmasters-block-default cmsmasters-sticky-default elementor-widget elementor-widget-text-editor\" data-id=\"12c4155\" data-element_type=\"widget\" data-e-type=\"widget\" data-widget_type=\"text-editor.default\">\n\t\t\t\t<div class=\"elementor-widget-container\">\n\t\t\t\t\t\t\t\t\t<p style=\"text-align: center;\"><span style=\"font-weight: 400;\">Como directora de Pulse Energetic, lidera tanto el acompa\u00f1amiento terap\u00e9utico individual como la formaci\u00f3n oficial de nuevos profesionales en Energ\u00e9tica Hologr\u00e1mica, una t\u00e9cnica que actualmente se imparte en un formato de 17 meses y que ha transformado la pr\u00e1ctica profesional de decenas de terapeutas.<\/span><\/p><p style=\"text-align: center;\"><span style=\"font-weight: 400;\">Adem\u00e1s, lidera el proceso de investigaci\u00f3n y\u00a0 desarrollo cient\u00edfico de la t\u00e9cnica, promoviendo su validaci\u00f3n y crecimiento como herramienta terap\u00e9utica reconocida a nivel internacional.\u00a0<\/span><\/p><p style=\"text-align: center;\"><span style=\"font-weight: 400;\">Para ello, colabora activamente con distintos profesionales y centros del \u00e1mbito m\u00e9dico y terap\u00e9utico, impulsando estudios orientados a evaluar los efectos de la t\u00e9cnica integrando los conocimientos m\u00e1s actuales de la f\u00edsica cu\u00e1ntica, la bioenerg\u00e9tica y la medicina integrativa, con el deseo profundo de que la Energ\u00e9tica Hologr\u00e1mica sea cada vez m\u00e1s reconocida como una herramienta v\u00e1lida dentro del campo de la salud integrativa.\u00a0<\/span><\/p>\t\t\t\t\t\t\t\t<\/div>\n\t\t\t\t<\/div>\n\t\t\t\t<\/div>\n\t\t\t\t<\/div>\n\t\t<div class=\"elementor-element elementor-element-a804f88 e-flex e-con-boxed cmsmasters-block-default e-con e-parent\" data-id=\"a804f88\" data-element_type=\"container\" data-e-type=\"container\">\n\t\t\t\t\t<div class=\"e-con-inner\">\n\t\t\t\t<div class=\"elementor-element elementor-element-ec5ff39 cmsmasters-block-default cmsmasters-sticky-default elementor-widget elementor-widget-heading\" data-id=\"ec5ff39\" data-element_type=\"widget\" data-e-type=\"widget\" data-widget_type=\"heading.default\">\n\t\t\t\t<div class=\"elementor-widget-container\">\n\t\t\t\t\t<h2 class=\"elementor-heading-title elementor-size-default\">Enfoque terap\u00e9utico\n<\/h2>\t\t\t\t<\/div>\n\t\t\t\t<\/div>\n\t\t\t\t<div class=\"elementor-element elementor-element-5dd49bb elementor-widget-widescreen__width-initial cmsmasters-block-default cmsmasters-sticky-default elementor-widget elementor-widget-text-editor\" data-id=\"5dd49bb\" data-element_type=\"widget\" data-e-type=\"widget\" data-widget_type=\"text-editor.default\">\n\t\t\t\t<div class=\"elementor-widget-container\">\n\t\t\t\t\t\t\t\t\t<p>\u00a0<span style=\"font-weight: 400;\">Su forma de trabajar se caracteriza por una combinaci\u00f3n de:<\/span><\/p><ul><li style=\"font-weight: 400;\" aria-level=\"1\"><span style=\"font-weight: 400;\">Precisi\u00f3n t\u00e9cnica en la lectura y diagn\u00f3stico del campo energ\u00e9tico<\/span><\/li><li style=\"font-weight: 400;\" aria-level=\"1\"><span style=\"font-weight: 400;\">Sensibilidad cl\u00ednica para acompa\u00f1ar procesos personales complejos<\/span><\/li><li style=\"font-weight: 400;\" aria-level=\"1\"><span style=\"font-weight: 400;\">Visi\u00f3n humanista que prioriza el respeto por el ritmo y la historia de cada persona.\u00a0<\/span><\/li><\/ul><p><span style=\"font-weight: 400;\">A trav\u00e9s de los filtros y la lectura del VAS (sistema vascular aut\u00f3nomo) identifica con precisi\u00f3n los bloqueos que alteran el equilibrio energ\u00e9tico de la persona.<\/span><\/p><p><span style=\"font-weight: 400;\">Pero su trabajo va mucho m\u00e1s all\u00e1 del diagn\u00f3stico: mediante un acompa\u00f1amiento profundo, comparte con cada persona el conocimiento necesario para que pueda comprender lo que le sucede, reconectar con su poder personal y activar sus propios procesos de restablecimiento.<\/span><\/p><p><span style=\"font-weight: 400;\">Con herramientas espec\u00edficas y un enfoque hol\u00edstico, ayuda a recuperar la coherencia energ\u00e9tica y el bienestar f\u00edsico, emocional y mental, devolviendo a la persona la capacidad de cambiar desde el interior y reconectar as\u00ed\u00a0 con el prop\u00f3sito vital y el bienestar integral.\u00a0<\/span><\/p>\t\t\t\t\t\t\t\t<\/div>\n\t\t\t\t<\/div>\n\t\t\t\t\t<\/div>\n\t\t\t\t<\/div>\n\t\t<div class=\"elementor-element elementor-element-016763a e-flex e-con-boxed cmsmasters-block-default e-con e-parent\" data-id=\"016763a\" data-element_type=\"container\" data-e-type=\"container\">\n\t\t\t\t\t<div class=\"e-con-inner\">\n\t\t\t\t<div class=\"elementor-element elementor-element-2af1c74 cmsmasters-block-default cmsmasters-sticky-default elementor-widget elementor-widget-heading\" data-id=\"2af1c74\" data-element_type=\"widget\" data-e-type=\"widget\" data-widget_type=\"heading.default\">\n\t\t\t\t<div class=\"elementor-widget-container\">\n\t\t\t\t\t<h2 class=\"elementor-heading-title elementor-size-default\">Compromiso con la evoluci\u00f3n de la t\u00e9cnica\n<\/h2>\t\t\t\t<\/div>\n\t\t\t\t<\/div>\n\t\t\t\t<div class=\"elementor-element elementor-element-8c4325a elementor-widget-widescreen__width-initial cmsmasters-block-default cmsmasters-sticky-default elementor-widget elementor-widget-text-editor\" data-id=\"8c4325a\" data-element_type=\"widget\" data-e-type=\"widget\" data-widget_type=\"text-editor.default\">\n\t\t\t\t<div class=\"elementor-widget-container\">\n\t\t\t\t\t\t\t\t\t<p><span style=\"font-weight: 400;\">Como parte de su labor de investigaci\u00f3n y desarrollo, Anna ha creado una nueva generaci\u00f3n de filtros hologr\u00e1micos, dise\u00f1ados espec\u00edficamente para trabajar con los desaf\u00edos actuales de las personas, y adaptados a los estados emocionales y patrones vibracionales m\u00e1s frecuentes de esta etapa evolutiva colectiva.\u00a0<\/span><\/p><p><span style=\"font-weight: 400;\">Adem\u00e1s, ha potenciado la efectividad de los filtros tradicionales, ajustando su frecuencia y refinando su acci\u00f3n terap\u00e9utica, en sinton\u00eda con los cambios acelerados que vive la humanidad.<\/span><\/p><p><span style=\"font-weight: 400;\">Su enfoque no es r\u00edgido ni cerrado, sino din\u00e1mico y en constante actualizaci\u00f3n. Se basa en la observaci\u00f3n profunda de cada caso, en la experiencia acumulada en consulta y en el deseo genuino de ofrecer herramientas cada vez m\u00e1s precisas y transformadoras.<\/span><\/p><p><span style=\"font-weight: 400;\">Anna impulsa una visi\u00f3n integradora de la salud, donde lo energ\u00e9tico, lo emocional, lo mental\u00a0 y lo f\u00edsico se reconocen como partes inseparables de un mismo campo de conciencia.<\/span><\/p>\t\t\t\t\t\t\t\t<\/div>\n\t\t\t\t<\/div>\n\t\t\t\t\t<\/div>\n\t\t\t\t<\/div>\n\t\t<div class=\"elementor-element elementor-element-1d03988 e-flex e-con-boxed cmsmasters-block-default e-con e-parent\" data-id=\"1d03988\" data-element_type=\"container\" data-e-type=\"container\">\n\t\t\t\t\t<div class=\"e-con-inner\">\n\t\t\t\t<div class=\"elementor-element elementor-element-0837de6 cmsmasters-block-default cmsmasters-sticky-default elementor-widget elementor-widget-heading\" data-id=\"0837de6\" data-element_type=\"widget\" data-e-type=\"widget\" data-widget_type=\"heading.default\">\n\t\t\t\t<div class=\"elementor-widget-container\">\n\t\t\t\t\t<h2 class=\"elementor-heading-title elementor-size-default\">Un camino de consciencia, salud y ciencia energ\u00e9tica\n<\/h2>\t\t\t\t<\/div>\n\t\t\t\t<\/div>\n\t\t\t\t<div class=\"elementor-element elementor-element-e7a175e elementor-widget-widescreen__width-initial cmsmasters-block-default cmsmasters-sticky-default elementor-widget elementor-widget-text-editor\" data-id=\"e7a175e\" data-element_type=\"widget\" data-e-type=\"widget\" data-widget_type=\"text-editor.default\">\n\t\t\t\t<div class=\"elementor-widget-container\">\n\t\t\t\t\t\t\t\t\t<p><span style=\"font-weight: 400;\">Su b\u00fasqueda no ha sido s\u00f3lo profesional, sino profundamente personal. Desde muy temprana edad, vivi\u00f3 experiencias intensas que marcaron su camino interior: la p\u00e9rdida de su madre a los 12 a\u00f1os, un grave accidente de su hermano, y la muerte de su padre cuando apenas ten\u00eda 19. Estas vivencias no la alejaron de la vida, sino que despertaron en ella una necesidad vital de comprenderla.<\/span><\/p><p><span style=\"font-weight: 400;\">Con una curiosidad incansable, Anna se ha dedicado a explorar c\u00f3mo funcionan las emociones, la mente, el cuerpo y la energ\u00eda. Su propuesta terap\u00e9utica no impone respuestas, sino que abre caminos: facilita procesos de reconexi\u00f3n profunda, claridad mental, regulaci\u00f3n emocional y transformaci\u00f3n interior.\u00a0<\/span><\/p><p><span style=\"font-weight: 400;\">Desde su propia experiencia, desea que las personas puedan vivir con menos carga, menos prisa y m\u00e1s autenticidad. Cree en un mundo m\u00e1s amable y m\u00e1s liviano, donde cada persona pueda recordar su capacidad de ser feliz, en coherencia con quien realmente es. A trav\u00e9s de su acompa\u00f1amiento, cientos de personas han logrado redirigir su energ\u00eda, resignificar su historia personal y recuperar el equilibrio en su d\u00eda a d\u00eda.<\/span><\/p><p><span style=\"font-weight: 400;\">Si est\u00e1s en un momento de b\u00fasqueda, transici\u00f3n o simplemente deseas comprender tu estado energ\u00e9tico desde una perspectiva seria y actualizada, Pulse Energetic es el espacio donde puedes empezar ese camino.<\/span><\/p>\t\t\t\t\t\t\t\t<\/div>\n\t\t\t\t<\/div>\n\t\t\t\t\t<\/div>\n\t\t\t\t<\/div>\n\t\t\t\t<\/div>","protected":false},"excerpt":{"rendered":"<p>ANNA RAMOS Fundadora de Pulse Energetic y representante de la nueva generaci\u00f3n de terapeutas \u00a0Experta\u00a0 en energ\u00e9tica hologramica y formadora y divulgadora que fusiona ciencia, energ\u00eda y prop\u00f3sito vital. Anna Ramos Ortega Su recorrido por las terapias energ\u00e9ticas comenz\u00f3 en la infancia y gracias a la sabidur\u00eda de su madre y sus ense\u00f1anzas desarroll\u00f3 una&#8230;<\/p>","protected":false},"author":1,"featured_media":0,"parent":0,"menu_order":0,"comment_status":"closed","ping_status":"closed","template":"","meta":{"_joinchat":[],"footnotes":""},"class_list":["post-38048","page","type-page","status-publish","hentry"],"_links":{"self":[{"href":"https:\/\/pulseenergetic.com\/es\/wp-json\/wp\/v2\/pages\/38048","targetHints":{"allow":["GET"]}}],"collection":[{"href":"https:\/\/pulseenergetic.com\/es\/wp-json\/wp\/v2\/pages"}],"about":[{"href":"https:\/\/pulseenergetic.com\/es\/wp-json\/wp\/v2\/types\/page"}],"author":[{"embeddable":true,"href":"https:\/\/pulseenergetic.com\/es\/wp-json\/wp\/v2\/users\/1"}],"replies":[{"embeddable":true,"href":"https:\/\/pulseenergetic.com\/es\/wp-json\/wp\/v2\/comments?post=38048"}],"version-history":[{"count":60,"href":"https:\/\/pulseenergetic.com\/es\/wp-json\/wp\/v2\/pages\/38048\/revisions"}],"predecessor-version":[{"id":43683,"href":"https:\/\/pulseenergetic.com\/es\/wp-json\/wp\/v2\/pages\/38048\/revisions\/43683"}],"wp:attachment":[{"href":"https:\/\/pulseenergetic.com\/es\/wp-json\/wp\/v2\/media?parent=38048"}],"curies":[{"name":"wp","href":"https:\/\/api.w.org\/{rel}","templated":true}]}}