{"id":37720,"date":"2022-07-19T16:40:14","date_gmt":"2022-07-19T16:40:14","guid":{"rendered":"https:\/\/theme-dev.cmsmasters.net\/mental-care\/?page_id=37720"},"modified":"2026-04-03T16:22:48","modified_gmt":"2026-04-03T16:22:48","slug":"contacto","status":"publish","type":"page","link":"https:\/\/pulseenergetic.com\/es\/contacto\/","title":{"rendered":"Contacto"},"content":{"rendered":"<div data-elementor-type=\"wp-page\" data-elementor-id=\"37720\" class=\"elementor elementor-37720\">\n\t\t\t\t<section class=\"elementor-element elementor-element-9bb7702 e-con-full e-flex cmsmasters-block-default e-con e-parent\" data-id=\"9bb7702\" data-element_type=\"container\" data-e-type=\"container\">\n\t\t<section class=\"elementor-element elementor-element-83ceb6b e-con-full e-flex cmsmasters-bg-hide-none cmsmasters-bg-hide-none cmsmasters-block-default e-con e-child\" data-id=\"83ceb6b\" data-element_type=\"container\" data-e-type=\"container\" data-settings=\"{&quot;background_background&quot;:&quot;classic&quot;}\">\n\t\t<div class=\"elementor-element elementor-element-9f1f030 e-con-full cmsmasters-effect cmsmasters-effect-type-transform animated-slow e-flex cmsmasters-effect-hover-type-element cmsmasters-block-default elementor-invisible e-con e-child\" data-id=\"9f1f030\" data-element_type=\"container\" data-e-type=\"container\" data-settings=\"{&quot;animation&quot;:&quot;fadeIn&quot;,&quot;background_background&quot;:&quot;classic&quot;,&quot;cms_transform_hover_type&quot;:&quot;element&quot;}\">\n\t\t\t\t<div class=\"elementor-element elementor-element-00b0d95 cmsmasters-block-default cmsmasters-sticky-default elementor-widget elementor-widget-heading\" data-id=\"00b0d95\" data-element_type=\"widget\" data-e-type=\"widget\" data-widget_type=\"heading.default\">\n\t\t\t\t<div class=\"elementor-widget-container\">\n\t\t\t\t\t<h2 class=\"elementor-heading-title elementor-size-default\">Estamos aqu\u00ed para ti<\/h2>\t\t\t\t<\/div>\n\t\t\t\t<\/div>\n\t\t\t\t<div class=\"elementor-element elementor-element-c6bb26e cmsmasters-block-default cmsmasters-sticky-default elementor-widget elementor-widget-text-editor\" data-id=\"c6bb26e\" data-element_type=\"widget\" data-e-type=\"widget\" data-widget_type=\"text-editor.default\">\n\t\t\t\t<div class=\"elementor-widget-container\">\n\t\t\t\t\t\t\t\t\t<p data-start=\"531\" data-end=\"722\">Ya sea que busques orientaci\u00f3n, informaci\u00f3n sobre nuestros programas o simplemente quieras empezar tu camino de transformaci\u00f3n, puedes comunicarte con nosotros por cualquiera de estos medios:<\/p><p data-start=\"724\" data-end=\"813\">\u00a0<\/p>\t\t\t\t\t\t\t\t<\/div>\n\t\t\t\t<\/div>\n\t\t<div class=\"elementor-element elementor-element-91b5e5a e-con-full e-flex cmsmasters-block-default e-con e-child\" data-id=\"91b5e5a\" data-element_type=\"container\" data-e-type=\"container\">\n\t\t\t\t<div class=\"elementor-element elementor-element-78cc9f6 cmsmasters-block-default cmsmasters-sticky-default elementor-widget elementor-widget-cmsmasters-button\" data-id=\"78cc9f6\" data-element_type=\"widget\" data-e-type=\"widget\" data-widget_type=\"cmsmasters-button.default\">\n\t\t\t\t<div class=\"elementor-widget-container\">\n\t\t\t\t\t<div class=\"elementor-widget-cmsmasters-button__button-container\"><div class=\"elementor-widget-cmsmasters-button__button-container-inner\"><a href=\"https:\/\/pulseenergetic.com\/es\/solicitar-sesion\/\" class=\"cmsmasters-button-link elementor-widget-cmsmasters-button__button cmsmasters-icon-view- cmsmasters-icon-shape- cmsmasters-button-size-sm\" role=\"button\"><span class=\"elementor-widget-cmsmasters-button__content-wrapper cmsmasters-align-icon-\"><span class=\"elementor-widget-cmsmasters-button__text\">reservar sesi\u00f3n<\/span><\/span><\/a><\/div><\/div>\t\t\t\t<\/div>\n\t\t\t\t<\/div>\n\t\t\t\t<div class=\"elementor-element elementor-element-c6aa76c cmsmasters-featured-box__graphic-align-left elementor-widget__width-initial cmsmasters-featured-box__link-box cmsmasters-featured-box__image_fit-none cmsmasters-featured-box__graphic-position-column cmsmasters-featured-box__graphic-position-tablet-column cmsmasters-featured-box__graphic-position-mobile-column cmsmasters-featured-box__text-valign-middle cmsmasters-block-default cmsmasters-sticky-default elementor-widget elementor-widget-cmsmasters-featured-box\" data-id=\"c6aa76c\" data-element_type=\"widget\" data-e-type=\"widget\" data-widget_type=\"cmsmasters-featured-box.default\">\n\t\t\t\t<div class=\"elementor-widget-container\">\n\t\t\t\t\t<a href=\"tel:+%200800%202336%207811\" class=\"elementor-widget-cmsmasters-featured-box__wrapper\"><div class=\"elementor-widget-cmsmasters-featured-box__content\">\n\t\t\t\t<div class=\"elementor-widget-cmsmasters-featured-box__content-vertical-inner\"><div class=\"elementor-widget-cmsmasters-featured-box__type-wrap elementor-widget-cmsmasters-featured-box__content-item\"><div class=\"elementor-widget-cmsmasters-featured-box__title elementor-widget-cmsmasters-featured-box__content-item\">ll\u00e1manos:<\/div><div class=\"elementor-widget-cmsmasters-featured-box__description elementor-widget-cmsmasters-featured-box__content-item\">+34 646 723904\n<\/div><\/div>\n\t\t\t\t<\/div>\n\t\t\t<\/div>\n\t\t<\/a>\t\t\t\t<\/div>\n\t\t\t\t<\/div>\n\t\t\t\t<\/div>\n\t\t\t\t<\/div>\n\t\t\t\t<\/section>\n\t\t\t\t<\/section>\n\t\t<div class=\"elementor-element elementor-element-e5fa96e e-flex e-con-boxed cmsmasters-block-default e-con e-parent\" data-id=\"e5fa96e\" data-element_type=\"container\" data-e-type=\"container\">\n\t\t\t\t\t<div class=\"e-con-inner\">\n\t\t<div class=\"elementor-element elementor-element-ae856f9 e-con-full e-flex cmsmasters-block-default e-con e-child\" data-id=\"ae856f9\" data-element_type=\"container\" data-e-type=\"container\">\n\t\t\t\t<div class=\"elementor-element elementor-element-8d72ad8 elementor-widget__width-initial cmsmasters-block-default cmsmasters-sticky-default elementor-widget elementor-widget-heading\" data-id=\"8d72ad8\" data-element_type=\"widget\" data-e-type=\"widget\" data-widget_type=\"heading.default\">\n\t\t\t\t<div class=\"elementor-widget-container\">\n\t\t\t\t\t<h2 class=\"elementor-heading-title elementor-size-default\">Informaci\u00f3n de contacto<\/h2>\t\t\t\t<\/div>\n\t\t\t\t<\/div>\n\t\t\t\t<div class=\"elementor-element elementor-element-fd008bb cmsmasters-block-default cmsmasters-sticky-default elementor-widget elementor-widget-heading\" data-id=\"fd008bb\" data-element_type=\"widget\" data-e-type=\"widget\" data-widget_type=\"heading.default\">\n\t\t\t\t<div class=\"elementor-widget-container\">\n\t\t\t\t\t<p class=\"elementor-heading-title elementor-size-default\">\u00bfDeseas agendar una sesi\u00f3n o tienes alguna consulta? Cont\u00e1ctanos a trav\u00e9s de los siguientes medios:\n\n<\/p>\t\t\t\t<\/div>\n\t\t\t\t<\/div>\n\t\t<div class=\"elementor-element elementor-element-aa4b6bb e-flex e-con-boxed cmsmasters-block-default e-con e-child\" data-id=\"aa4b6bb\" data-element_type=\"container\" data-e-type=\"container\">\n\t\t\t\t\t<div class=\"e-con-inner\">\n\t\t<div class=\"elementor-element elementor-element-0e922ab e-con-full e-flex cmsmasters-block-default e-con e-child\" data-id=\"0e922ab\" data-element_type=\"container\" data-e-type=\"container\">\n\t\t\t\t<div class=\"elementor-element elementor-element-fd5e58b cmsmasters-block-default cmsmasters-sticky-default elementor-widget elementor-widget-heading\" data-id=\"fd5e58b\" data-element_type=\"widget\" data-e-type=\"widget\" data-widget_type=\"heading.default\">\n\t\t\t\t<div class=\"elementor-widget-container\">\n\t\t\t\t\t<h6 class=\"elementor-heading-title elementor-size-default\">\ud83d\udccd DIRECCI\u00d3N:<\/h6>\t\t\t\t<\/div>\n\t\t\t\t<\/div>\n\t\t\t\t<div class=\"elementor-element elementor-element-deb39c5 cmsmasters-block-default cmsmasters-sticky-default elementor-widget elementor-widget-text-editor\" data-id=\"deb39c5\" data-element_type=\"widget\" data-e-type=\"widget\" data-widget_type=\"text-editor.default\">\n\t\t\t\t<div class=\"elementor-widget-container\">\n\t\t\t\t\t\t\t\t\t<p>Avinguda Sarri\u00e0 67 bis Enlo 3\u00aa\u00a0<br \/>Barcelona, Espa\u00f1a<\/p>\t\t\t\t\t\t\t\t<\/div>\n\t\t\t\t<\/div>\n\t\t\t\t<\/div>\n\t\t<div class=\"elementor-element elementor-element-4899f0d e-con-full e-flex cmsmasters-block-default e-con e-child\" data-id=\"4899f0d\" data-element_type=\"container\" data-e-type=\"container\">\n\t\t\t\t<div class=\"elementor-element elementor-element-0429892 cmsmasters-block-default cmsmasters-sticky-default elementor-widget elementor-widget-heading\" data-id=\"0429892\" data-element_type=\"widget\" data-e-type=\"widget\" data-widget_type=\"heading.default\">\n\t\t\t\t<div class=\"elementor-widget-container\">\n\t\t\t\t\t<h6 class=\"elementor-heading-title elementor-size-default\">\ud83d\udcde Tel\u00e9fono \/ WhatsApp:\n<\/h6>\t\t\t\t<\/div>\n\t\t\t\t<\/div>\n\t\t\t\t<div class=\"elementor-element elementor-element-dafc4f2 cmsmasters-block-default cmsmasters-sticky-default elementor-widget elementor-widget-text-editor\" data-id=\"dafc4f2\" data-element_type=\"widget\" data-e-type=\"widget\" data-widget_type=\"text-editor.default\">\n\t\t\t\t<div class=\"elementor-widget-container\">\n\t\t\t\t\t\t\t\t\t<div class=\"elementor-element elementor-element-e34eb6a cmsmasters-icon-arrangement-together cmsmasters-block-default cmsmasters-sticky-default elementor-widget elementor-widget-cmsmasters-button\" data-id=\"e34eb6a\" data-element_type=\"widget\" data-widget_type=\"cmsmasters-button.default\"><div class=\"elementor-widget-container\"><div class=\"elementor-widget-cmsmasters-button__button-container\"><div class=\"elementor-widget-cmsmasters-button__button-container-inner\"><a class=\"cmsmasters-button-link elementor-widget-cmsmasters-button__button cmsmasters-icon-view-default cmsmasters-icon-shape- cmsmasters-button-size-sm\" role=\"button\" href=\"tel:%20646723904\"><span class=\"elementor-widget-cmsmasters-button__content-wrapper cmsmasters-align-icon-left\"><span class=\"elementor-widget-cmsmasters-button__text\">+34 646 723904<\/span><\/span><\/a><\/div><\/div><\/div><\/div><div class=\"elementor-element elementor-element-85ac02b elementor-hidden-mobile cmsmasters-icon-arrangement-together cmsmasters-block-default cmsmasters-sticky-default elementor-widget elementor-widget-cmsmasters-button\" data-id=\"85ac02b\" data-element_type=\"widget\" data-widget_type=\"cmsmasters-button.default\"><div class=\"elementor-widget-container\"><div class=\"elementor-widget-cmsmasters-button__button-container\"><div class=\"elementor-widget-cmsmasters-button__button-container-inner\">\u00a0<\/div><\/div><\/div><\/div><p data-start=\"862\" data-end=\"914\">\u00a0<\/p>\t\t\t\t\t\t\t\t<\/div>\n\t\t\t\t<\/div>\n\t\t\t\t<\/div>\n\t\t\t\t\t<\/div>\n\t\t\t\t<\/div>\n\t\t\t\t<\/div>\n\t\t<div class=\"elementor-element elementor-element-0cc54ba e-con-full e-flex cmsmasters-block-default e-con e-child\" data-id=\"0cc54ba\" data-element_type=\"container\" data-e-type=\"container\">\n\t\t\t\t<div class=\"elementor-element elementor-element-ba38c18 cmsmasters-block-default cmsmasters-sticky-default elementor-widget elementor-widget-html\" data-id=\"ba38c18\" data-element_type=\"widget\" data-e-type=\"widget\" data-widget_type=\"html.default\">\n\t\t\t\t<div class=\"elementor-widget-container\">\n\t\t\t\t\t<iframe src=\"https:\/\/www.google.com\/maps\/embed?pb=!1m18!1m12!1m3!1d2993.3617657847503!2d2.126314776543007!3d41.38794929595966!2m3!1f0!2f0!3f0!3m2!1i1024!2i768!4f13.1!3m3!1m2!1s0x213642290a62321d%3A0x5475e86bfc347059!2sPulse%20Energetic%20%7C%20Centro%20terap%C3%A9utico!5e0!3m2!1ses!2sco!4v1749917997508!5m2!1ses!2sco\" width=\"1920\" height=\"800\" style=\"border:0;\" allowfullscreen=\"\" loading=\"lazy\" referrerpolicy=\"no-referrer-when-downgrade\"><\/iframe>\t\t\t\t<\/div>\n\t\t\t\t<\/div>\n\t\t\t\t<\/div>\n\t\t\t\t\t<\/div>\n\t\t\t\t<\/div>\n\t\t<div class=\"elementor-element elementor-element-5f84639 e-flex e-con-boxed cmsmasters-block-default e-con e-parent\" data-id=\"5f84639\" data-element_type=\"container\" data-e-type=\"container\">\n\t\t\t\t\t<div class=\"e-con-inner\">\n\t\t<div class=\"elementor-element elementor-element-afc40e1 e-con-full e-flex cmsmasters-block-default e-con e-child\" data-id=\"afc40e1\" data-element_type=\"container\" data-e-type=\"container\">\n\t\t\t\t<div class=\"elementor-element elementor-element-cea0ecc cmsmasters-block-default cmsmasters-sticky-default elementor-widget elementor-widget-heading\" data-id=\"cea0ecc\" data-element_type=\"widget\" data-e-type=\"widget\" data-widget_type=\"heading.default\">\n\t\t\t\t<div class=\"elementor-widget-container\">\n\t\t\t\t\t<h2 class=\"elementor-heading-title elementor-size-default\">\u00bfPrefieres escribirnos directamente?<\/h2>\t\t\t\t<\/div>\n\t\t\t\t<\/div>\n\t\t\t\t<div class=\"elementor-element elementor-element-b6e147a cmsmasters-block-default cmsmasters-sticky-default elementor-widget elementor-widget-text-editor\" data-id=\"b6e147a\" data-element_type=\"widget\" data-e-type=\"widget\" data-widget_type=\"text-editor.default\">\n\t\t\t\t<div class=\"elementor-widget-container\">\n\t\t\t\t\t\t\t\t\t<p>Completa el formulario y nos pondremos en contacto contigo lo antes posible.<\/p>\t\t\t\t\t\t\t\t<\/div>\n\t\t\t\t<\/div>\n\t\t\t\t<div class=\"elementor-element elementor-element-2f25cca cmsmasters-block-default cmsmasters-sticky-default elementor-widget elementor-widget-cmsmasters-forminator\" data-id=\"2f25cca\" data-element_type=\"widget\" data-e-type=\"widget\" data-settings=\"{&quot;form_list&quot;:&quot;31&quot;}\" data-widget_type=\"cmsmasters-forminator.default\">\n\t\t\t\t<div class=\"elementor-widget-container\">\n\t\t\t\t\t<div class=\"elementor-widget-cmsmasters-contact-form__wrapper elementor-widget-cmsmasters-contact-form cmsmasters-default-color cmsmasters-default-font\" id=\"cmsmasters-widget-form-2f25cca\">\n\t\t\t<div class=\"elementor-widget-cmsmasters-contact-form__inner\"><div class=\"forminator-ui forminator-custom-form forminator-custom-form-31 forminator-design--default forminator-custom forminator_ajax\" data-forminator-render=\"0\" data-form=\"forminator-module-31\" data-uid=\"6a05b8ab6a051\"><br\/><\/div><form\n\t\t\t\tid=\"forminator-module-31\"\n\t\t\t\tclass=\"forminator-ui forminator-custom-form forminator-custom-form-31 forminator-design--default forminator-custom forminator_ajax\"\n\t\t\t\tmethod=\"post\"\n\t\t\t\tdata-forminator-render=\"0\"\n\t\t\t\tdata-form-id=\"31\"\n\t\t\t\t data-color-option=\"default\" data-design=\"default\" data-grid=\"custom\" style=\"display: none;\"\n\t\t\t\tdata-uid=\"6a05b8ab6a051\" action=\"\"\n\t\t\t><div role=\"alert\" aria-live=\"polite\" class=\"forminator-response-message forminator-error\" aria-hidden=\"true\"><\/div><div class=\"forminator-row\"><div id=\"select-1\" class=\"forminator-field-select forminator-col forminator-col-12\"><div class=\"forminator-field\"><label for=\"forminator-form-31__field--select-1_6a05b8ab6a051\" id=\"forminator-form-31__field--select-1_6a05b8ab6a051-label\" class=\"forminator-label\">Servicio<\/label><select  id=\"forminator-form-31__field--select-1_6a05b8ab6a051\" class=\"forminator-select--field forminator-select2 forminator-select2-multiple\" data-required=\"\" name=\"select-1\" data-default-value=\"\" data-placeholder=\"Selecciona servicio de inter\u00e9s\" data-search=\"false\" data-search-placeholder=\"Selecciona servicio de inter\u00e9s\" data-checkbox=\"false\" data-allow-clear=\"false\" aria-labelledby=\"forminator-form-31__field--select-1_6a05b8ab6a051-label\"><option value=\"\"  >Selecciona servicio de inter\u00e9s<\/option><option value=\"Auriculoterapia\"  data-calculation=\"0\">Auriculoterapia<\/option><option value=\"Terapia floral\"  data-calculation=\"0\">Terapia floral<\/option><option value=\"Pluma de luz\"  data-calculation=\"0\">Pluma de luz<\/option><option value=\"Terapia  Energ\u00e9tica Hologr\u00e1mica\"  data-calculation=\"0\">Terapia  Energ\u00e9tica Hologr\u00e1mica<\/option><option value=\"Terapias antiestr\u00e9s\"  data-calculation=\"0\">Terapias antiestr\u00e9s<\/option><option value=\"Tratamiento de fertilidad\"  data-calculation=\"0\">Tratamiento de fertilidad<\/option><option value=\"Terapia de liberaci\u00f3n muscular\"  data-calculation=\"0\">Terapia de liberaci\u00f3n muscular<\/option><option value=\"Constelaciones familiares\"  data-calculation=\"0\">Constelaciones familiares<\/option><\/select><\/div><\/div><\/div><div class=\"forminator-row\"><div id=\"name-1\" class=\"forminator-field-name forminator-col forminator-col-6\"><div class=\"forminator-field\"><label for=\"forminator-field-name-1_6a05b8ab6a051\" id=\"forminator-field-name-1_6a05b8ab6a051-label\" class=\"forminator-label\">Nombre completo <span class=\"forminator-required\">*<\/span><\/label><input type=\"text\" name=\"name-1\" value=\"\" placeholder=\"Nombre\" id=\"forminator-field-name-1_6a05b8ab6a051\" class=\"forminator-input forminator-name--field\" aria-required=\"true\" autocomplete=\"name\" \/><\/div><\/div><div id=\"phone-1\" class=\"forminator-field-phone forminator-col forminator-col-6\"><div class=\"forminator-field\"><label for=\"forminator-field-phone-1_6a05b8ab6a051\" id=\"forminator-field-phone-1_6a05b8ab6a051-label\" class=\"forminator-label\">Tel\u00e9fono<\/label><input type=\"text\" name=\"phone-1\" value=\"\" placeholder=\"Tel\u00e9fono\" id=\"forminator-field-phone-1_6a05b8ab6a051\" class=\"forminator-input forminator-field--phone\" data-required=\"\" aria-required=\"false\" autocomplete=\"off\" \/><\/div><\/div><\/div><div class=\"forminator-row\"><div id=\"date-1\" class=\"forminator-field-date forminator-col forminator-col-6\"><div class=\"forminator-field\"><label for=\"forminator-field-date-1-picker_6a05b8ab6a051\" id=\"forminator-field-date-1-picker_6a05b8ab6a051-label\" class=\"forminator-label\">Fecha<\/label><div class=\"forminator-input-with-icon\"><span class=\"forminator-icon-calendar\" aria-hidden=\"true\"><\/span><input autocomplete=\"off\" type=\"text\" size=\"1\" name=\"date-1\" value=\"\" placeholder=\"Seleccionar fecha de inter\u00e9s\" id=\"forminator-field-date-1-picker_6a05b8ab6a051\" class=\"forminator-input forminator-datepicker\" data-required=\"\" data-format=\"mm\/dd\/yy\" data-restrict-type=\"\" data-restrict=\"\" data-start-year=\"1926\" data-end-year=\"2126\" data-past-dates=\"enable\" data-start-of-week=\"1\" data-start-date=\"\" data-end-date=\"\" data-start-field=\"\" data-end-field=\"\" data-start-offset=\"\" data-end-offset=\"\" data-disable-date=\"\" data-disable-range=\"\" \/><\/div><\/div><\/div><div id=\"time-1\" class=\"forminator-field-time forminator-col forminator-col-6\"><label for=\"forminator-field-time-1\" id=\"forminator-field-time-1-label\" class=\"forminator-label\">Hora<\/label><div class=\"forminator-timepicker\" ><div class=\"forminator-row\" data-multiple=\"true\"><div id=\"time-1-hours\" class=\"forminator-col forminator-col-6\"><div class=\"forminator-field\"><select name=\"time-1-hours\" id=\"forminator-field-31__field--time-1-hours_6a05b8ab6a051\" class=\"forminator-select2 time-hours\" data-field=\"hours\" data-placeholder=\"Seleccionar\" data-default-value=\"\"><option value=\"\" selected=\"selected\">-<\/option><option value=\"0\" >00<\/option><option value=\"1\" >01<\/option><option value=\"2\" >02<\/option><option value=\"3\" >03<\/option><option value=\"4\" >04<\/option><option value=\"5\" >05<\/option><option value=\"6\" >06<\/option><option value=\"7\" >07<\/option><option value=\"8\" >08<\/option><option value=\"9\" >09<\/option><option value=\"10\" >10<\/option><option value=\"11\" >11<\/option><option value=\"12\" >12<\/option><option value=\"13\" >13<\/option><option value=\"14\" >14<\/option><option value=\"15\" >15<\/option><option value=\"16\" >16<\/option><option value=\"17\" >17<\/option><option value=\"18\" >18<\/option><option value=\"19\" >19<\/option><option value=\"20\" >20<\/option><option value=\"21\" >21<\/option><option value=\"22\" >22<\/option><option value=\"23\" >23<\/option><\/select><\/div><\/div><div id=\"time-1-minutes\" class=\"forminator-col forminator-col-6\"><div class=\"forminator-field\"><select name=\"time-1-minutes\" id=\"forminator-field-31__field--time-1-minutes_6a05b8ab6a051\" class=\"forminator-select2 time-minutes\" data-field=\"minutes\" data-placeholder=\"Seleccionar\" data-default-value=\"\"><option value=\"\" selected=\"selected\">-<\/option><option value=\"0\" >00<\/option><option value=\"1\" >01<\/option><option value=\"2\" >02<\/option><option value=\"3\" >03<\/option><option value=\"4\" >04<\/option><option value=\"5\" >05<\/option><option value=\"6\" >06<\/option><option value=\"7\" >07<\/option><option value=\"8\" >08<\/option><option value=\"9\" >09<\/option><option value=\"10\" >10<\/option><option value=\"11\" >11<\/option><option value=\"12\" >12<\/option><option value=\"13\" >13<\/option><option value=\"14\" >14<\/option><option value=\"15\" >15<\/option><option value=\"16\" >16<\/option><option value=\"17\" >17<\/option><option value=\"18\" >18<\/option><option value=\"19\" >19<\/option><option value=\"20\" >20<\/option><option value=\"21\" >21<\/option><option value=\"22\" >22<\/option><option value=\"23\" >23<\/option><option value=\"24\" >24<\/option><option value=\"25\" >25<\/option><option value=\"26\" >26<\/option><option value=\"27\" >27<\/option><option value=\"28\" >28<\/option><option value=\"29\" >29<\/option><option value=\"30\" >30<\/option><option value=\"31\" >31<\/option><option value=\"32\" >32<\/option><option value=\"33\" >33<\/option><option value=\"34\" >34<\/option><option value=\"35\" >35<\/option><option value=\"36\" >36<\/option><option value=\"37\" >37<\/option><option value=\"38\" >38<\/option><option value=\"39\" >39<\/option><option value=\"40\" >40<\/option><option value=\"41\" >41<\/option><option value=\"42\" >42<\/option><option value=\"43\" >43<\/option><option value=\"44\" >44<\/option><option value=\"45\" >45<\/option><option value=\"46\" >46<\/option><option value=\"47\" >47<\/option><option value=\"48\" >48<\/option><option value=\"49\" >49<\/option><option value=\"50\" >50<\/option><option value=\"51\" >51<\/option><option value=\"52\" >52<\/option><option value=\"53\" >53<\/option><option value=\"54\" >54<\/option><option value=\"55\" >55<\/option><option value=\"56\" >56<\/option><option value=\"57\" >57<\/option><option value=\"58\" >58<\/option><option value=\"59\" >59<\/option><\/select><\/div><\/div><\/div><\/div><\/div><\/div><input type=\"hidden\" name=\"referer_url\" value=\"\" \/><div class=\"forminator-row forminator-row-last\"><div class=\"forminator-col\"><div class=\"forminator-field\"><button class=\"forminator-button forminator-button-submit\">Solicitar sesi&oacute;n<\/button><\/div><\/div><\/div><input type=\"hidden\" id=\"forminator_nonce\" name=\"forminator_nonce\" value=\"d757dcb743\" \/><input type=\"hidden\" name=\"_wp_http_referer\" value=\"\/es\/wp-json\/wp\/v2\/pages\/37720\" \/><input type=\"hidden\" name=\"form_id\" value=\"31\"><input type=\"hidden\" name=\"page_id\" value=\"37720\"><input type=\"hidden\" name=\"form_type\" value=\"default\"><input type=\"hidden\" name=\"current_url\" value=\"https:\/\/pulseenergetic.com\/es\/contacto\/\"><input type=\"hidden\" name=\"render_id\" value=\"0\"><input type=\"hidden\" name=\"action\" value=\"forminator_submit_form_custom-forms\"><input type=\"hidden\" name=\"trp-form-language\" value=\"es\"\/><\/form><\/div>\n\t\t<\/div>\t\t\t\t<\/div>\n\t\t\t\t<\/div>\n\t\t\t\t<\/div>\n\t\t\t\t\t<\/div>\n\t\t\t\t<\/div>\n\t\t\t\t<\/div>","protected":false},"excerpt":{"rendered":"<p>Estamos aqu\u00ed para ti Ya sea que busques orientaci\u00f3n, informaci\u00f3n sobre nuestros programas o simplemente quieras empezar tu camino de transformaci\u00f3n, puedes comunicarte con nosotros por cualquiera de estos medios: \u00a0 reservar sesi\u00f3n ll\u00e1manos:+34 646 723904 Informaci\u00f3n de contacto \u00bfDeseas agendar una sesi\u00f3n o tienes alguna consulta? Cont\u00e1ctanos a trav\u00e9s de los siguientes medios: \ud83d\udccd&#8230;<\/p>","protected":false},"author":1,"featured_media":0,"parent":0,"menu_order":0,"comment_status":"closed","ping_status":"closed","template":"","meta":{"_joinchat":[],"footnotes":""},"class_list":["post-37720","page","type-page","status-publish","hentry"],"_links":{"self":[{"href":"https:\/\/pulseenergetic.com\/es\/wp-json\/wp\/v2\/pages\/37720","targetHints":{"allow":["GET"]}}],"collection":[{"href":"https:\/\/pulseenergetic.com\/es\/wp-json\/wp\/v2\/pages"}],"about":[{"href":"https:\/\/pulseenergetic.com\/es\/wp-json\/wp\/v2\/types\/page"}],"author":[{"embeddable":true,"href":"https:\/\/pulseenergetic.com\/es\/wp-json\/wp\/v2\/users\/1"}],"replies":[{"embeddable":true,"href":"https:\/\/pulseenergetic.com\/es\/wp-json\/wp\/v2\/comments?post=37720"}],"version-history":[{"count":14,"href":"https:\/\/pulseenergetic.com\/es\/wp-json\/wp\/v2\/pages\/37720\/revisions"}],"predecessor-version":[{"id":43680,"href":"https:\/\/pulseenergetic.com\/es\/wp-json\/wp\/v2\/pages\/37720\/revisions\/43680"}],"wp:attachment":[{"href":"https:\/\/pulseenergetic.com\/es\/wp-json\/wp\/v2\/media?parent=37720"}],"curies":[{"name":"wp","href":"https:\/\/api.w.org\/{rel}","templated":true}]}}